{"id":230,"date":"2019-08-04T20:58:50","date_gmt":"2019-08-04T20:58:50","guid":{"rendered":"https:\/\/tarahategului-tinutulpadurenilor-gal.ro\/SDL-2016-2023\/?page_id=230"},"modified":"2021-02-18T18:16:10","modified_gmt":"2021-02-18T18:16:10","slug":"masura-2-3-tineri-fermieri","status":"publish","type":"page","link":"https:\/\/tarahategului-tinutulpadurenilor-gal.ro\/SDL-2016-2023\/?page_id=230","title":{"rendered":"MASURA 2.3 TINERI FERMIERI"},"content":{"rendered":"<h5 style=\"text-align: center;\"><strong>15.10<\/strong><strong>.2018\u00a0<\/strong><\/h5>\n<h3 style=\"text-align: center;\"><a href=\"https:\/\/tarahategului-tinutulpadurenilor-gal.ro\/SDL-2016-2023\/wp-content\/uploads\/2017\/08\/Ghid-solicitantului-Masura-M-2.3-Tineri-fermieri-V04-FINALA-octombrie-2018.pdf\">Ghid solicitantului Masura M 2.3-Tineri fermieri- V04 FINALA- octombrie 2018<\/a><\/h3>\n<h3 style=\"text-align: center;\">\u00a0<a href=\"https:\/\/tarahategului-tinutulpadurenilor-gal.ro\/SDL-2016-2023\/wp-content\/uploads\/2017\/08\/Anexa-1-Cererea-de-finantare-6.pdf\">Anexa 1-Cererea de finantare<\/a><\/h3>\n<h3 style=\"text-align: center;\"><a href=\"https:\/\/tarahategului-tinutulpadurenilor-gal.ro\/SDL-2016-2023\/wp-content\/uploads\/2017\/08\/Anexa-2-Plan-de-afaceri-2.doc\">Anexa 2- Plan de afaceri<\/a><\/h3>\n<h3 style=\"text-align: center;\"><a href=\"https:\/\/tarahategului-tinutulpadurenilor-gal.ro\/SDL-2016-2023\/wp-content\/uploads\/2017\/08\/Anexa-3-Contract-de-finantare-4.doc\">Anexa 3- Contract de finantare<\/a><\/h3>\n<h3 style=\"text-align: center;\"><a href=\"https:\/\/tarahategului-tinutulpadurenilor-gal.ro\/SDL-2016-2023\/wp-content\/uploads\/2017\/08\/Anexa-4-Fisa-masurii-4.pdf\">Anexa 4- Fisa masurii<\/a><\/h3>\n<h3 style=\"text-align: center;\"><a href=\"https:\/\/tarahategului-tinutulpadurenilor-gal.ro\/SDL-2016-2023\/wp-content\/uploads\/2017\/08\/Anexa-5-Studiu-potential-agricol-3.zip\">Anexa 5- Studiu potential agricol<\/a><\/h3>\n<h3 style=\"text-align: center;\"><a href=\"https:\/\/tarahategului-tinutulpadurenilor-gal.ro\/SDL-2016-2023\/wp-content\/uploads\/2017\/08\/Anexa-5a_-Calculator-ICPA-nota-bonitare-zootehnie_Poten%C5%A3ia.xls\">Anexa 5a_-Calculator ICPA nota bonitare zootehnie_Poten\u0163ia<\/a><\/h3>\n<h3 style=\"text-align: center;\"><a href=\"https:\/\/tarahategului-tinutulpadurenilor-gal.ro\/SDL-2016-2023\/wp-content\/uploads\/2017\/08\/Anexa-6-Cod-si-calculator-de-bune-practici-agricole-3.zip\">Anexa 6- Cod si calculator de bune practici agricole<\/a><\/h3>\n<h3 style=\"text-align: center;\"><a href=\"https:\/\/tarahategului-tinutulpadurenilor-gal.ro\/SDL-2016-2023\/wp-content\/uploads\/2017\/08\/Anexa-7-OUG-nr.3-din-2015-aprobare-scheme-plati-2015_2020-4.doc\">Anexa 7- OUG nr.3 din 2015 aprobare scheme plati 2015_2020<\/a><\/h3>\n<h3 style=\"text-align: center;\"><a href=\"https:\/\/tarahategului-tinutulpadurenilor-gal.ro\/SDL-2016-2023\/wp-content\/uploads\/2017\/08\/Anexa-8-Areale-aferente-Subprogramului-Tematic-Pomicol-4.xls\">Anexa 8- Areale aferente Subprogramului Tematic Pomicol<\/a><\/h3>\n<h3 style=\"text-align: center;\"><a href=\"https:\/\/tarahategului-tinutulpadurenilor-gal.ro\/SDL-2016-2023\/wp-content\/uploads\/2017\/08\/Anexa-9-Lista-Asociatiilor-acreditaet-de-AZN-4.doc\">Anexa 9- Lista Asociatiilor acreditaet de AZN<\/a><\/h3>\n<h3 style=\"text-align: center;\"><a href=\"https:\/\/tarahategului-tinutulpadurenilor-gal.ro\/SDL-2016-2023\/wp-content\/uploads\/2017\/08\/Anexa-10-Lista-raselor-autohtone-indigene-7.doc\">Anexa 10- Lista raselor autohtone (indigene)<\/a><\/h3>\n<h3 style=\"text-align: center;\"><a href=\"https:\/\/tarahategului-tinutulpadurenilor-gal.ro\/SDL-2016-2023\/wp-content\/uploads\/2017\/08\/Anexa-11-Instructiuni-privind-evitarea-crearii-de-cond-artificiale-4.doc\">Anexa 11- Instructiuni privind evitarea crearii de cond artificiale<\/a><\/h3>\n<h3 style=\"text-align: center;\"><a href=\"https:\/\/tarahategului-tinutulpadurenilor-gal.ro\/SDL-2016-2023\/wp-content\/uploads\/2017\/08\/Anexa-12-Lista-coeficienti-calcul-productie-standard-vegetal-si-zootehnic-1.zip\">Anexa 12- Lista coeficienti calcul productie standard vegetal si zootehnic<\/a><\/h3>\n<h3 style=\"text-align: center;\"><a href=\"https:\/\/tarahategului-tinutulpadurenilor-gal.ro\/SDL-2016-2023\/wp-content\/uploads\/2017\/08\/Anexa-13-Zone-normale-montane-cu-constrangeri-specifice-si-semnificative-3.zip\">Anexa 13- Zone normale, montane, cu constrangeri specifice si semnificative<\/a><\/h3>\n<h3 style=\"text-align: center;\"><a href=\"https:\/\/tarahategului-tinutulpadurenilor-gal.ro\/SDL-2016-2023\/wp-content\/uploads\/2017\/08\/Anexa-14-Model-Declaratia-pe-propria-raspundere-privind-asumarea-rezilierii-contratului-de-finantare-2.docx\">Anexa 14- Model Declaratia pe propria raspundere privind asumarea rezilierii contratului de finantare<\/a><\/h3>\n<h3 style=\"text-align: center;\"><a href=\"https:\/\/tarahategului-tinutulpadurenilor-gal.ro\/SDL-2016-2023\/wp-content\/uploads\/2017\/08\/Anexa-15-Model-declaratie-privind-angajamentul-de-raportare-catre-GAL-4.docx\">Anexa 15-Model declaratie privind angajamentul de raportare catre GAL<\/a><\/h3>\n<h3 style=\"text-align: center;\"><a href=\"https:\/\/tarahategului-tinutulpadurenilor-gal.ro\/SDL-2016-2023\/wp-content\/uploads\/2017\/08\/Anexa-16-Model-declaratie-angajament-solicitant-crearea-de-locuri-de-munca-4.docx\">Anexa 16- Model declaratie angajament solicitant crearea de locuri de munca<\/a><\/h3>\n<h3 style=\"text-align: center;\"><a href=\"https:\/\/tarahategului-tinutulpadurenilor-gal.ro\/SDL-2016-2023\/wp-content\/uploads\/2017\/08\/Anexa-17-Model-declaratie-privind-inregistrarea-proiectului-%C3%AEn-cadrul-altei-m%C4%83suri-din-PNDR-4.docx\">Anexa 17- Model declaratie privind inregistrarea proiectului \u00een cadrul altei m\u0103suri din PNDR<\/a><\/h3>\n<h3 style=\"text-align: center;\"><a href=\"https:\/\/tarahategului-tinutulpadurenilor-gal.ro\/SDL-2016-2023\/wp-content\/uploads\/2017\/08\/Anexa-18-Model-declaratie-incadrare-in-HG-226_2015-4.docx\">Anexa 18- Model declaratie incadrare in HG 226_2015<\/a><\/h3>\n<h3 style=\"text-align: center;\"><a href=\"https:\/\/tarahategului-tinutulpadurenilor-gal.ro\/SDL-2016-2023\/wp-content\/uploads\/2017\/08\/Anexa-19-Model-declaratie-inregistrare-in-Registrul-debitorilor-4.docx\">Anexa 19- Model declaratie inregistrare in Registrul debitorilor<\/a><\/h3>\n<h3 style=\"text-align: center;\"><a href=\"https:\/\/tarahategului-tinutulpadurenilor-gal.ro\/SDL-2016-2023\/wp-content\/uploads\/2017\/08\/Anexa-20-Model-declaratie-pe-propria-raspundere-privind-proiectele-derulate-de-catre-solicitant-1.docx\">Anexa 20- Model declaratie pe propria raspundere privind proiectele derulate de catre solicitant<\/a><\/h3>\n<h3 style=\"text-align: center;\"><a href=\"https:\/\/tarahategului-tinutulpadurenilor-gal.ro\/SDL-2016-2023\/wp-content\/uploads\/2017\/08\/Anexa-21-Declaratie-privind-conditiile-artificiale-1.docx\">Anexa 21- Declaratie privind conditiile artificiale<\/a><\/h3>\n<h3 style=\"text-align: center;\"><a href=\"https:\/\/tarahategului-tinutulpadurenilor-gal.ro\/SDL-2016-2023\/wp-content\/uploads\/2017\/08\/Anexa-22-Declaratie-privind-prelucrarea-datelor-cu-caracter-personal.docx\">Anexa 22- Declaratie privind prelucrarea datelor cu caracter personal<\/a><\/h3>\n<h3 style=\"text-align: center;\"><a href=\"https:\/\/tarahategului-tinutulpadurenilor-gal.ro\/SDL-2016-2023\/wp-content\/uploads\/2017\/08\/F1L-GAL-TH-TP-Fisa-de-verificare-a-CONFORMITATII_M-2.3-1.docx\">F1L GAL-TH-TP-Fisa de verificare a CONFORMITATII_M 2.3<\/a><\/h3>\n<h3 style=\"text-align: center;\"><a href=\"https:\/\/tarahategului-tinutulpadurenilor-gal.ro\/SDL-2016-2023\/wp-content\/uploads\/2017\/08\/F2L-GAL-TH-TP-Fisa-de-evaluare-ELIGIBILITATE_M2.3-2.doc\">F2L-GAL-TH-TP-Fisa de evaluare ELIGIBILITATE_M2.3<\/a><\/h3>\n<h3 style=\"text-align: center;\"><a href=\"https:\/\/tarahategului-tinutulpadurenilor-gal.ro\/SDL-2016-2023\/wp-content\/uploads\/2017\/08\/F3L-GAL-TH-TP-Fisa-de-evaluare-CRITERII-SELECTIE_M2.3-1.doc\">F3L-GAL-TH-TP-Fisa de evaluare CRITERII SELECTIE_M2.3<\/a><\/h3>\n<h3 style=\"text-align: center;\"><a href=\"https:\/\/tarahategului-tinutulpadurenilor-gal.ro\/SDL-2016-2023\/wp-content\/uploads\/2017\/08\/F5L-GAL-TH-TP-Fisa-de-verificare-pe-teren_M2.3-1.doc\">F5L GAL TH-TP Fisa de verificare pe teren_M2.3<\/a><\/h3>\n<h3 style=\"text-align: center;\"><\/h3>\n<hr \/>\n<h3 style=\"text-align: center;\"><a href=\"https:\/\/tarahategului-tinutulpadurenilor-gal.ro\/SDL-2016-2023\/wp-content\/uploads\/2017\/08\/M-2.3_Fisa-verificare-conformitate-CERERE-PLATA_transa-1.docx\">M 2.3_Fisa verificare conformitate CERERE PLATA_transa 1<\/a><\/h3>\n<h3 style=\"text-align: center;\"><a href=\"https:\/\/tarahategului-tinutulpadurenilor-gal.ro\/SDL-2016-2023\/wp-content\/uploads\/2019\/08\/M-2.3_Fisa-verificare-conformitate-CERERE-PLATA_transa-2.docx\">M 2.3_Fisa verificare conformitate CERERE PLATA_transa 2<\/a><\/h3>\n<h3 style=\"text-align: center;\"><a href=\"https:\/\/tarahategului-tinutulpadurenilor-gal.ro\/SDL-2016-2023\/wp-content\/uploads\/2020\/04\/M-2.3_Fisa-verificare-conformitate-CERERE-PLATA_transa-2_03.04.2020.docx\">M-2.3_Fisa-verificare-conformitate-CERERE-PLATA_transa-2_03.04.2020<\/a><\/h3>\n<h3 style=\"text-align: center;\"><a href=\"https:\/\/tarahategului-tinutulpadurenilor-gal.ro\/SDL-2016-2023\/wp-content\/uploads\/2021\/02\/M-2.3_Fisa-verificare-conformitate-CERERE-PLATA_transa-2_16.02.2021.docx\">M-2.3_Fisa-verificare-conformitate-CERERE-PLATA_transa-2_16.02.2021<\/a><\/h3>\n<hr \/>\n<h3 style=\"text-align: center;\"><a href=\"https:\/\/tarahategului-tinutulpadurenilor-gal.ro\/SDL-2016-2023\/wp-content\/uploads\/2017\/08\/Clarificari-MADR-privind-locurile-de-munca-1.pdf\">Clarificari MADR privind locurile de munca<\/a><\/h3>\n<hr \/>\n<h3 style=\"text-align: center;\"><a href=\"https:\/\/tarahategului-tinutulpadurenilor-gal.ro\/SDL-2016-2023\/wp-content\/uploads\/2017\/08\/ORDIN_Nr119_2014-aprobarea-Normelor-de-igien%C4%83-%C5%9Fi-s%C4%83n%C4%83tate-public%C4%83-privind-mediul-de-via%C5%A3%C4%83-al-popula%C5%A3iei.pdf\">ORDIN_Nr119_2014 aprobarea Normelor de igien\u0103 \u015fi s\u0103n\u0103tate public\u0103 privind mediul de via\u0163\u0103 al popula\u0163iei<\/a><\/h3>\n<hr \/>\n<h3 style=\"text-align: center;\"><a href=\"https:\/\/tarahategului-tinutulpadurenilor-gal.ro\/SDL-2016-2023\/wp-content\/uploads\/2017\/08\/Adresa-AFIR-nr.-25.913-din-18.09.2017-Sub-masura-19.2-M-22-23-61.pdf\">Adresa AFIR nr. 25.913 din 18.09.2017 (Sub-masura 19.2) M 22-23-61<\/a><\/h3>\n<hr \/>\n<hr \/>\n<h3 style=\"text-align: center;\"><a href=\"https:\/\/tarahategului-tinutulpadurenilor-gal.ro\/SDL-2016-2023\/wp-content\/uploads\/2017\/08\/Masura-2.3-Tineri-fermieri-CONSULTATIV.zip\">Masura 2.3 Tineri fermieri-CONSULTATIV<\/a><\/h3>\n<hr \/>\n<h3 style=\"text-align: center;\"><a href=\"https:\/\/tarahategului-tinutulpadurenilor-gal.ro\/SDL-2016-2023\/wp-content\/uploads\/2017\/08\/Ghid-masura-2.3-Tineri-fermieri-V02-FINAL-octombrie-2017.zip\">ARHIVA \u2013 Ghid masura 2.3- Tineri fermieri- V02 FINAL- octombrie 2017<\/a><\/h3>\n<hr \/>\n<hr \/>\n<h3 style=\"text-align: center;\">\u00a0<a href=\"https:\/\/tarahategului-tinutulpadurenilor-gal.ro\/SDL-2016-2023\/wp-content\/uploads\/2017\/08\/Ghid-masura-2.3-Tineri-fermieri-V03-FINALA-februarie-2018.zip\">ARHIVA \u2013 Ghid masura 2.3- Tineri fermieri- V03 FINALA- februarie 2018<\/a><\/h3>\n","protected":false},"excerpt":{"rendered":"<p>15.10.2018\u00a0 Ghid solicitantului Masura M 2.3-Tineri fermieri- V04 FINALA- octombrie 2018 \u00a0Anexa 1-Cererea de finantare Anexa 2- Plan de afaceri Anexa 3- Contract de finantare Anexa 4- Fisa masurii Anexa 5- Studiu potential agricol Anexa 5a_-Calculator ICPA nota bonitare zootehnie_Poten\u0163ia Anexa 6- Cod si calculator de bune practici agricole Anexa 7- OUG nr.3 din 2015 aprobare scheme plati 2015_2020 Anexa 8- Areale aferente Subprogramului Tematic Pomicol Anexa 9- Lista Asociatiilor acreditaet de AZN Anexa 10- Lista raselor autohtone (indigene) Anexa 11- Instructiuni privind evitarea crearii de cond artificiale Anexa 12- Lista coeficienti calcul productie standard vegetal si zootehnic Anexa 13- [&hellip;]<\/p>\n","protected":false},"author":1,"featured_media":0,"parent":0,"menu_order":0,"comment_status":"closed","ping_status":"closed","template":"template-full-width-tb.php","meta":{"footnotes":""},"class_list":["post-230","page","type-page","status-publish","hentry"],"_links":{"self":[{"href":"https:\/\/tarahategului-tinutulpadurenilor-gal.ro\/SDL-2016-2023\/index.php?rest_route=\/wp\/v2\/pages\/230","targetHints":{"allow":["GET"]}}],"collection":[{"href":"https:\/\/tarahategului-tinutulpadurenilor-gal.ro\/SDL-2016-2023\/index.php?rest_route=\/wp\/v2\/pages"}],"about":[{"href":"https:\/\/tarahategului-tinutulpadurenilor-gal.ro\/SDL-2016-2023\/index.php?rest_route=\/wp\/v2\/types\/page"}],"author":[{"embeddable":true,"href":"https:\/\/tarahategului-tinutulpadurenilor-gal.ro\/SDL-2016-2023\/index.php?rest_route=\/wp\/v2\/users\/1"}],"replies":[{"embeddable":true,"href":"https:\/\/tarahategului-tinutulpadurenilor-gal.ro\/SDL-2016-2023\/index.php?rest_route=%2Fwp%2Fv2%2Fcomments&post=230"}],"version-history":[{"count":4,"href":"https:\/\/tarahategului-tinutulpadurenilor-gal.ro\/SDL-2016-2023\/index.php?rest_route=\/wp\/v2\/pages\/230\/revisions"}],"predecessor-version":[{"id":1049,"href":"https:\/\/tarahategului-tinutulpadurenilor-gal.ro\/SDL-2016-2023\/index.php?rest_route=\/wp\/v2\/pages\/230\/revisions\/1049"}],"wp:attachment":[{"href":"https:\/\/tarahategului-tinutulpadurenilor-gal.ro\/SDL-2016-2023\/index.php?rest_route=%2Fwp%2Fv2%2Fmedia&parent=230"}],"curies":[{"name":"wp","href":"https:\/\/api.w.org\/{rel}","templated":true}]}}