{"id":179,"date":"2019-08-04T20:30:22","date_gmt":"2019-08-04T20:30:22","guid":{"rendered":"https:\/\/tarahategului-tinutulpadurenilor-gal.ro\/SDL-2016-2023\/?page_id=179"},"modified":"2020-02-11T11:39:03","modified_gmt":"2020-02-11T11:39:03","slug":"masura-2-2-ferme-mici-si-mijlocii","status":"publish","type":"page","link":"https:\/\/tarahategului-tinutulpadurenilor-gal.ro\/SDL-2016-2023\/?page_id=179","title":{"rendered":"Masura 2.2 Ferme mici si mijlocii"},"content":{"rendered":"<h3 style=\"text-align: center;\"><a href=\"https:\/\/tarahategului-tinutulpadurenilor-gal.ro\/SDL-2016-2023\/wp-content\/uploads\/2017\/08\/OPIS-documente-Masura-2.2-Ferme-mici-si-mijlocii-1.doc\">OPIS documente Masura 2.2 Ferme mici si mijlocii<\/a><\/h3>\n<h3 style=\"text-align: center;\"><a href=\"https:\/\/tarahategului-tinutulpadurenilor-gal.ro\/SDL-2016-2023\/wp-content\/uploads\/2017\/08\/Ghid-masura-M-2.2-Ferme-mici-si-mijlocii-V02-FINAL-2017-2.pdf\">Ghid masura M 2.2-Ferme mici si mijlocii- V02 FINAL 2017<\/a><\/h3>\n<h3 style=\"text-align: center;\"><a href=\"https:\/\/tarahategului-tinutulpadurenilor-gal.ro\/SDL-2016-2023\/wp-content\/uploads\/2017\/08\/Anexa-1-Cerere-de-finantareM22_.pdf\">Anexa 1-Cerere de finantare<\/a><\/h3>\n<h3 style=\"text-align: center;\"><a href=\"https:\/\/tarahategului-tinutulpadurenilor-gal.ro\/SDL-2016-2023\/wp-content\/uploads\/2017\/08\/Anexa-2-Fisa-masurii-2.2-2.pdf\">Anexa 2- Fisa masurii 2.2<\/a><\/h3>\n<h3 style=\"text-align: center;\"><a href=\"https:\/\/tarahategului-tinutulpadurenilor-gal.ro\/SDL-2016-2023\/wp-content\/uploads\/2017\/08\/Anexa-3-Plan-de-afaceri-2.docx\">Anexa 3- Plan de afaceri<\/a><\/h3>\n<h3 style=\"text-align: center;\"><a href=\"https:\/\/tarahategului-tinutulpadurenilor-gal.ro\/SDL-2016-2023\/wp-content\/uploads\/2017\/08\/Anexa-4-Decizia-de-finantare-2.doc\">Anexa 4-Decizia de finantare<\/a><\/h3>\n<h3 style=\"text-align: center;\"><a href=\"https:\/\/tarahategului-tinutulpadurenilor-gal.ro\/SDL-2016-2023\/wp-content\/uploads\/2017\/08\/Anexa-5-Lista-coeficienti-calcul-productie-standard-vegetal-si-zootehnic-2.doc\">Anexa 5- Lista coeficienti calcul productie standard vegetal si zootehnic<\/a><\/h3>\n<h3 style=\"text-align: center;\"><a href=\"https:\/\/tarahategului-tinutulpadurenilor-gal.ro\/SDL-2016-2023\/wp-content\/uploads\/2017\/08\/Anexa-6-Areale-aferente-Subprogramului-Tematic-Pomicol-2.xls\">Anexa 6- Areale aferente Subprogramului Tematic Pomicol<\/a><\/h3>\n<h3 style=\"text-align: center;\"><a href=\"https:\/\/tarahategului-tinutulpadurenilor-gal.ro\/SDL-2016-2023\/wp-content\/uploads\/2017\/08\/Anexa-7-Codul-bunelor-practici-agricole-2.docx\">Anexa 7- Codul bunelor practici agricole<\/a><\/h3>\n<h3 style=\"text-align: center;\"><a href=\"https:\/\/tarahategului-tinutulpadurenilor-gal.ro\/SDL-2016-2023\/wp-content\/uploads\/2017\/08\/Anexa-8-Calculator-capacitate-stocare-gunoi-grajd-2.xls\">Anexa 8- Calculator capacitate stocare gunoi grajd<\/a><\/h3>\n<h3 style=\"text-align: center;\"><a href=\"https:\/\/tarahategului-tinutulpadurenilor-gal.ro\/SDL-2016-2023\/wp-content\/uploads\/2017\/08\/Anexa-9-Studiu-potential-agricol-1.zip\">Anexa 9- Studiu potential agricol<\/a><\/h3>\n<h3 style=\"text-align: center;\"><a href=\"https:\/\/tarahategului-tinutulpadurenilor-gal.ro\/SDL-2016-2023\/wp-content\/uploads\/2017\/08\/Anexa-10-Lista-raselor-autohtone-indigene-4.doc\">Anexa 10- Lista raselor autohtone (indigene)<\/a><\/h3>\n<h3 style=\"text-align: center;\"><a href=\"https:\/\/tarahategului-tinutulpadurenilor-gal.ro\/SDL-2016-2023\/wp-content\/uploads\/2017\/08\/Anexa-12-Lista-UAT-din-zone-normale-2.docx\">Anexa 12- Lista UAT din zone normale<\/a><\/h3>\n<h3 style=\"text-align: center;\"><a href=\"https:\/\/tarahategului-tinutulpadurenilor-gal.ro\/SDL-2016-2023\/wp-content\/uploads\/2017\/08\/Anexa-13-Lista-UAT-din-zone-montane-2.docx\">Anexa 13- Lista UAT din zone montane<\/a><\/h3>\n<h3 style=\"text-align: center;\"><a href=\"https:\/\/tarahategului-tinutulpadurenilor-gal.ro\/SDL-2016-2023\/wp-content\/uploads\/2017\/08\/Anexa-14-Lista-UAT-din-zone-cu-constrangeri-specifice-2.doc\">Anexa 14- Lista UAT din zone cu constrangeri specifice<\/a><\/h3>\n<h3 style=\"text-align: center;\"><a href=\"https:\/\/tarahategului-tinutulpadurenilor-gal.ro\/SDL-2016-2023\/wp-content\/uploads\/2017\/08\/Anexa-15-Lista-UAT-din-zone-cu-constrangeri-semnificative-2.doc\">Anexa 15- Lista UAT din zone cu constrangeri semnificative<\/a><\/h3>\n<h3 style=\"text-align: center;\"><a href=\"https:\/\/tarahategului-tinutulpadurenilor-gal.ro\/SDL-2016-2023\/wp-content\/uploads\/2017\/08\/Anexa-16-Model-Declaratia-pe-propria-raspundere-privind-asumarea-rezilierii-contratului-de-finantare-1.docx\">Anexa 16- Model Declaratia pe propria raspundere privind asumarea rezilierii contratului de finantare<\/a><\/h3>\n<h3 style=\"text-align: center;\"><a href=\"https:\/\/tarahategului-tinutulpadurenilor-gal.ro\/SDL-2016-2023\/wp-content\/uploads\/2017\/08\/Anexa-17-Model-declaratie-privind-angajamentul-de-raportare-catre-GAL-2.docx\">Anexa 17-Model declaratie privind angajamentul de raportare catre GAL<\/a><\/h3>\n<h3 style=\"text-align: center;\"><a href=\"https:\/\/tarahategului-tinutulpadurenilor-gal.ro\/SDL-2016-2023\/wp-content\/uploads\/2017\/08\/Anexa-18-Model-declaratie-angajament-solicitant-crearea-de-locuri-de-munca-2.docx\">Anexa 18- Model declaratie angajament solicitant crearea de locuri de munca<\/a><\/h3>\n<h3 style=\"text-align: center;\"><a href=\"https:\/\/tarahategului-tinutulpadurenilor-gal.ro\/SDL-2016-2023\/wp-content\/uploads\/2017\/08\/Anexa-19-Model-declaratie-privind-inregistrarea-proiectului-%C3%AEn-cadrul-altei-m%C4%83suri-din-PNDR-3.docx\">Anexa 19- Model declaratie privind inregistrarea proiectului \u00een cadrul altei m\u0103suri din PNDR<\/a><\/h3>\n<h3 style=\"text-align: center;\"><a href=\"https:\/\/tarahategului-tinutulpadurenilor-gal.ro\/SDL-2016-2023\/wp-content\/uploads\/2017\/08\/Anexa-20-Model-declaratie-incadrare-in-HG-226_2015-3.docx\">Anexa 20- Model declaratie incadrare in HG 226_2015<\/a><\/h3>\n<h3 style=\"text-align: center;\"><a href=\"https:\/\/tarahategului-tinutulpadurenilor-gal.ro\/SDL-2016-2023\/wp-content\/uploads\/2017\/08\/Anexa-21-Model-declaratie-inregistrare-in-Registrul-debitorilor-3.docx\">Anexa 21- Model declaratie inregistrare in Registrul debitorilor<\/a><\/h3>\n<hr \/>\n<hr \/>\n<h3 style=\"text-align: center;\"><a href=\"https:\/\/tarahategului-tinutulpadurenilor-gal.ro\/SDL-2016-2023\/wp-content\/uploads\/2017\/08\/F1-GAL-TH-TP-Fisa-de-verificare-a-CONFORMITATII-_M2.2_2B-1.docx\">F1 GAL TH-TP Fisa de verificare a CONFORMITATII _M2.2_2B<\/a><\/h3>\n<h3 style=\"text-align: center;\"><a href=\"https:\/\/tarahategului-tinutulpadurenilor-gal.ro\/SDL-2016-2023\/wp-content\/uploads\/2017\/08\/F2-GAL-Fisa-de-verificare-eligibilitate-masura-2.2-_2B-1.doc\">F2 GAL Fisa de verificare eligibilitate masura 2.2 _2B<\/a><\/h3>\n<h3 style=\"text-align: center;\"><a href=\"https:\/\/tarahategului-tinutulpadurenilor-gal.ro\/SDL-2016-2023\/wp-content\/uploads\/2017\/08\/F3-GAL-Fisa_de_verificare-a-CRIITERIILOR-DE-SELECTIE-M2-2_2B-1.doc\">F3 GAL Fisa_de_verificare a CRIITERIILOR DE SELECTIE M2 2_2B<\/a><\/h3>\n<hr \/>\n<hr \/>\n<h3 style=\"text-align: center;\"><a href=\"https:\/\/tarahategului-tinutulpadurenilor-gal.ro\/SDL-2016-2023\/wp-content\/uploads\/2017\/08\/Masura-2.2_Fisa-verificare-conformitate-CERERE-PLATA_.docx\">Masura 2.2_Fisa verificare conformitate CERERE PLATA<\/a><\/h3>\n<h3 style=\"text-align: center;\"><a href=\"https:\/\/tarahategului-tinutulpadurenilor-gal.ro\/SDL-2016-2023\/wp-content\/uploads\/2020\/02\/M-2.2_Fisa-verificare-conformitate-CERERE-PLATA_transa-2.docx\">M 2.2_Fisa verificare conformitate CERERE PLATA_transa 2<\/a><\/h3>\n<hr \/>\n<hr \/>\n<h3 style=\"text-align: center;\"><a href=\"https:\/\/tarahategului-tinutulpadurenilor-gal.ro\/SDL-2016-2023\/wp-content\/uploads\/2017\/08\/ORDIN_Nr119_2014-aprobarea-Normelor-de-igien%C4%83-%C5%9Fi-s%C4%83n%C4%83tate-public%C4%83-privind-mediul-de-via%C5%A3%C4%83-al-popula%C5%A3iei.pdf\">ORDIN_Nr119_2014 aprobarea Normelor de igien\u0103 \u015fi s\u0103n\u0103tate public\u0103 privind mediul de via\u0163\u0103 al popula\u0163iei<\/a><\/h3>\n<hr \/>\n<hr \/>\n<h3 style=\"text-align: center;\"><a href=\"https:\/\/tarahategului-tinutulpadurenilor-gal.ro\/SDL-2016-2023\/wp-content\/uploads\/2017\/08\/Adresa-AFIR-nr.-25.913-din-18.09.2017-Sub-masura-19.2-M-22-23-61.pdf\">Adresa AFIR nr. 25.913 din 18.09.2017 (Sub-masura 19.2) M 22-23-61<\/a><\/h3>\n<hr \/>\n<hr \/>\n<h3 style=\"text-align: center;\"><a href=\"https:\/\/tarahategului-tinutulpadurenilor-gal.ro\/SDL-2016-2023\/wp-content\/uploads\/2017\/08\/M2.2-consultativ.zip\">Masura 2.2 Ferme mici \u0219i mijlocii \u2013 CONSULTATIV<\/a><\/h3>\n","protected":false},"excerpt":{"rendered":"<p>OPIS documente Masura 2.2 Ferme mici si mijlocii Ghid masura M 2.2-Ferme mici si mijlocii- V02 FINAL 2017 Anexa 1-Cerere de finantare Anexa 2- Fisa masurii 2.2 Anexa 3- Plan de afaceri Anexa 4-Decizia de finantare Anexa 5- Lista coeficienti calcul productie standard vegetal si zootehnic Anexa 6- Areale aferente Subprogramului Tematic Pomicol Anexa 7- Codul bunelor practici agricole Anexa 8- Calculator capacitate stocare gunoi grajd Anexa 9- Studiu potential agricol Anexa 10- Lista raselor autohtone (indigene) Anexa 12- Lista UAT din zone normale Anexa 13- Lista UAT din zone montane Anexa 14- Lista UAT din zone cu constrangeri specifice [&hellip;]<\/p>\n","protected":false},"author":1,"featured_media":0,"parent":0,"menu_order":0,"comment_status":"closed","ping_status":"closed","template":"template-full-width-tb.php","meta":{"footnotes":""},"class_list":["post-179","page","type-page","status-publish","hentry"],"_links":{"self":[{"href":"https:\/\/tarahategului-tinutulpadurenilor-gal.ro\/SDL-2016-2023\/index.php?rest_route=\/wp\/v2\/pages\/179","targetHints":{"allow":["GET"]}}],"collection":[{"href":"https:\/\/tarahategului-tinutulpadurenilor-gal.ro\/SDL-2016-2023\/index.php?rest_route=\/wp\/v2\/pages"}],"about":[{"href":"https:\/\/tarahategului-tinutulpadurenilor-gal.ro\/SDL-2016-2023\/index.php?rest_route=\/wp\/v2\/types\/page"}],"author":[{"embeddable":true,"href":"https:\/\/tarahategului-tinutulpadurenilor-gal.ro\/SDL-2016-2023\/index.php?rest_route=\/wp\/v2\/users\/1"}],"replies":[{"embeddable":true,"href":"https:\/\/tarahategului-tinutulpadurenilor-gal.ro\/SDL-2016-2023\/index.php?rest_route=%2Fwp%2Fv2%2Fcomments&post=179"}],"version-history":[{"count":2,"href":"https:\/\/tarahategului-tinutulpadurenilor-gal.ro\/SDL-2016-2023\/index.php?rest_route=\/wp\/v2\/pages\/179\/revisions"}],"predecessor-version":[{"id":521,"href":"https:\/\/tarahategului-tinutulpadurenilor-gal.ro\/SDL-2016-2023\/index.php?rest_route=\/wp\/v2\/pages\/179\/revisions\/521"}],"wp:attachment":[{"href":"https:\/\/tarahategului-tinutulpadurenilor-gal.ro\/SDL-2016-2023\/index.php?rest_route=%2Fwp%2Fv2%2Fmedia&parent=179"}],"curies":[{"name":"wp","href":"https:\/\/api.w.org\/{rel}","templated":true}]}}