{"id":426,"date":"2021-07-13T07:00:27","date_gmt":"2021-07-13T07:00:27","guid":{"rendered":"https:\/\/tarahategului-tinutulpadurenilor-pocu.ro\/?page_id=426"},"modified":"2025-10-01T12:22:21","modified_gmt":"2025-10-01T12:22:21","slug":"grup-tinta","status":"publish","type":"page","link":"https:\/\/tarahategului-tinutulpadurenilor-gal.ro\/335815\/grup-tinta\/","title":{"rendered":"Grup tinta"},"content":{"rendered":"\t\t<div data-elementor-type=\"wp-page\" data-elementor-id=\"426\" class=\"elementor elementor-426\">\n\t\t\t\t\t\t<section class=\"elementor-section elementor-top-section elementor-element elementor-element-224c814d elementor-section-boxed elementor-section-height-default elementor-section-height-default\" data-id=\"224c814d\" data-element_type=\"section\">\n\t\t\t\t\t\t<div class=\"elementor-container elementor-column-gap-default\">\n\t\t\t\t\t<div class=\"elementor-column elementor-col-100 elementor-top-column elementor-element elementor-element-31d03005\" data-id=\"31d03005\" data-element_type=\"column\">\n\t\t\t<div class=\"elementor-widget-wrap elementor-element-populated\">\n\t\t\t\t\t\t<div class=\"elementor-element elementor-element-a3c6127 elementor-view-default elementor-position-top elementor-mobile-position-top elementor-widget elementor-widget-icon-box\" data-id=\"a3c6127\" data-element_type=\"widget\" data-widget_type=\"icon-box.default\">\n\t\t\t\t<div class=\"elementor-widget-container\">\n\t\t\t\t\t\t\t<div class=\"elementor-icon-box-wrapper\">\n\n\t\t\t\t\t\t<div class=\"elementor-icon-box-icon\">\n\t\t\t\t<span  class=\"elementor-icon\">\n\t\t\t\t<i aria-hidden=\"true\" class=\"fas fa-user-friends\"><\/i>\t\t\t\t<\/span>\n\t\t\t<\/div>\n\t\t\t\n\t\t\t\t\t\t<div class=\"elementor-icon-box-content\">\n\n\t\t\t\t\t\t\t\t\t<h3 class=\"elementor-icon-box-title\">\n\t\t\t\t\t\t<span  >\n\t\t\t\t\t\t\tGrupul \u021bint\u0103 al proiectului\t\t\t\t\t\t<\/span>\n\t\t\t\t\t<\/h3>\n\t\t\t\t\n\t\t\t\t\n\t\t\t<\/div>\n\t\t\t\n\t\t<\/div>\n\t\t\t\t\t\t<\/div>\n\t\t\t\t<\/div>\n\t\t\t\t<div class=\"elementor-element elementor-element-454f358f elementor-widget elementor-widget-text-editor\" data-id=\"454f358f\" data-element_type=\"widget\" data-widget_type=\"text-editor.default\">\n\t\t\t\t<div class=\"elementor-widget-container\">\n\t\t\t\t\t\t\t\t\t<p><strong>Grupulul \u021bint\u0103<\/strong> al proiectului este format din <strong>308 persoane<\/strong> cu v\u00e2rsta cuprins\u0103 \u00eentre 18 \u0219i 64 ani, cu nivel sc\u0103zut de formare, care au domiciliul \u00een jude\u021bul Hunedoara.<\/p>\t\t\t\t\t\t\t\t<\/div>\n\t\t\t\t<\/div>\n\t\t\t\t<div class=\"elementor-element elementor-element-8f9e482 elementor-widget elementor-widget-text-editor\" data-id=\"8f9e482\" data-element_type=\"widget\" data-widget_type=\"text-editor.default\">\n\t\t\t\t<div class=\"elementor-widget-container\">\n\t\t\t\t\t\t\t\t\t<h3><span class=\"a_GcMg font-feature-liga-off font-feature-clig-off font-feature-calt-off text-decoration-none text-strikethrough-none\">Beneficii pentru grupul \u021bint\u0103<\/span><\/h3>\n<ul>\n<li><span class=\"a_GcMg font-feature-liga-off font-feature-clig-off font-feature-calt-off text-decoration-none text-strikethrough-none\">308 persoane vor beneficia de servicii de informare \u0219i consiliere profesional\u0103;<\/span><\/li>\n<li><span class=\"a_GcMg font-feature-liga-off font-feature-clig-off font-feature-calt-off text-decoration-none text-strikethrough-none\">308 persoane vor participa la cursuri de formare profesional\u0103;<\/span><\/li>\n<li><span class=\"a_GcMg font-feature-liga-off font-feature-clig-off font-feature-calt-off text-decoration-none text-strikethrough-none\">308 persoane vor beneficia de m\u0103suri privind dezvoltarea competen\u021belor \u0219i a locurilor de munc\u0103 verzi;<\/span><\/li>\n<li><span class=\"a_GcMg font-feature-liga-off font-feature-clig-off font-feature-calt-off text-decoration-none text-strikethrough-none\">56 persoane din cele 308 vor participa la sesiuni de preg\u0103tire pentru dob\u00e2ndirea compenten\u021belor de limba rom\u00e2n\u0103, matematic\u0103 \u0219i IT.<\/span><\/li>\n<\/ul>\t\t\t\t\t\t\t\t<\/div>\n\t\t\t\t<\/div>\n\t\t\t\t\t<\/div>\n\t\t<\/div>\n\t\t\t\t\t<\/div>\n\t\t<\/section>\n\t\t\t\t<\/div>\n\t\t","protected":false},"excerpt":{"rendered":"<p>Grupul \u021bint\u0103 al proiectului Grupulul \u021bint\u0103 al proiectului este format din 308 persoane cu v\u00e2rsta cuprins\u0103 \u00eentre 18 \u0219i 64 ani, cu nivel sc\u0103zut de formare, care au domiciliul \u00een jude\u021bul Hunedoara. Beneficii pentru grupul \u021bint\u0103 308 persoane vor beneficia de servicii de informare \u0219i consiliere profesional\u0103; 308 persoane vor participa la cursuri de formare profesional\u0103; 308 persoane vor beneficia [&hellip;]<\/p>\n","protected":false},"author":1,"featured_media":0,"parent":0,"menu_order":0,"comment_status":"closed","ping_status":"closed","template":"page-templates\/full-width-container.php","meta":{"_acf_changed":false,"ngg_post_thumbnail":0,"footnotes":""},"class_list":["post-426","page","type-page","status-publish","hentry"],"acf":[],"_links":{"self":[{"href":"https:\/\/tarahategului-tinutulpadurenilor-gal.ro\/335815\/wp-json\/wp\/v2\/pages\/426","targetHints":{"allow":["GET"]}}],"collection":[{"href":"https:\/\/tarahategului-tinutulpadurenilor-gal.ro\/335815\/wp-json\/wp\/v2\/pages"}],"about":[{"href":"https:\/\/tarahategului-tinutulpadurenilor-gal.ro\/335815\/wp-json\/wp\/v2\/types\/page"}],"author":[{"embeddable":true,"href":"https:\/\/tarahategului-tinutulpadurenilor-gal.ro\/335815\/wp-json\/wp\/v2\/users\/1"}],"replies":[{"embeddable":true,"href":"https:\/\/tarahategului-tinutulpadurenilor-gal.ro\/335815\/wp-json\/wp\/v2\/comments?post=426"}],"version-history":[{"count":11,"href":"https:\/\/tarahategului-tinutulpadurenilor-gal.ro\/335815\/wp-json\/wp\/v2\/pages\/426\/revisions"}],"predecessor-version":[{"id":1039,"href":"https:\/\/tarahategului-tinutulpadurenilor-gal.ro\/335815\/wp-json\/wp\/v2\/pages\/426\/revisions\/1039"}],"wp:attachment":[{"href":"https:\/\/tarahategului-tinutulpadurenilor-gal.ro\/335815\/wp-json\/wp\/v2\/media?parent=426"}],"curies":[{"name":"wp","href":"https:\/\/api.w.org\/{rel}","templated":true}]}}