{"id":1063,"date":"2025-10-15T10:59:39","date_gmt":"2025-10-15T10:59:39","guid":{"rendered":"https:\/\/tarahategului-tinutulpadurenilor-gal.ro\/335815\/?page_id=1063"},"modified":"2025-10-15T11:11:18","modified_gmt":"2025-10-15T11:11:18","slug":"descriere-gal","status":"publish","type":"page","link":"https:\/\/tarahategului-tinutulpadurenilor-gal.ro\/335815\/descriere-gal\/","title":{"rendered":"Descriere GAL"},"content":{"rendered":"\t\t<div data-elementor-type=\"wp-page\" data-elementor-id=\"1063\" class=\"elementor elementor-1063\">\n\t\t\t\t\t\t<section class=\"elementor-section elementor-top-section elementor-element elementor-element-d9f8a94 elementor-section-boxed elementor-section-height-default elementor-section-height-default\" data-id=\"d9f8a94\" data-element_type=\"section\">\n\t\t\t\t\t\t<div class=\"elementor-container elementor-column-gap-default\">\n\t\t\t\t\t<div class=\"elementor-column elementor-col-100 elementor-top-column elementor-element elementor-element-b697f32\" data-id=\"b697f32\" data-element_type=\"column\">\n\t\t\t<div class=\"elementor-widget-wrap elementor-element-populated\">\n\t\t\t\t\t\t<div class=\"elementor-element elementor-element-15a04a2 elementor-view-default elementor-position-top elementor-mobile-position-top elementor-widget elementor-widget-icon-box\" data-id=\"15a04a2\" data-element_type=\"widget\" data-widget_type=\"icon-box.default\">\n\t\t\t\t<div class=\"elementor-widget-container\">\n\t\t\t\t\t\t\t<div class=\"elementor-icon-box-wrapper\">\n\n\t\t\t\t\t\t<div class=\"elementor-icon-box-icon\">\n\t\t\t\t<span  class=\"elementor-icon\">\n\t\t\t\t<i aria-hidden=\"true\" class=\"fas fa-pen-square\"><\/i>\t\t\t\t<\/span>\n\t\t\t<\/div>\n\t\t\t\n\t\t\t\t\t\t<div class=\"elementor-icon-box-content\">\n\n\t\t\t\t\t\t\t\t\t<h3 class=\"elementor-icon-box-title\">\n\t\t\t\t\t\t<span  >\n\t\t\t\t\t\t\tDescriere GAL\t\t\t\t\t\t<\/span>\n\t\t\t\t\t<\/h3>\n\t\t\t\t\n\t\t\t\t\n\t\t\t<\/div>\n\t\t\t\n\t\t<\/div>\n\t\t\t\t\t\t<\/div>\n\t\t\t\t<\/div>\n\t\t\t\t<div class=\"elementor-element elementor-element-00084af elementor-widget elementor-widget-text-editor\" data-id=\"00084af\" data-element_type=\"widget\" data-widget_type=\"text-editor.default\">\n\t\t\t\t<div class=\"elementor-widget-container\">\n\t\t\t\t\t\t\t\t\t<p class=\"cvGsUA direction-ltr align-justify para-style-body\"><span class=\"a_GcMg font-feature-liga-off font-feature-clig-off font-feature-calt-off text-decoration-none text-strikethrough-none\"><strong>Asocia\u021bia Microregiunea \u021aara Ha\u021begului\u2013\u021ainutul P\u0103durenilor GAL<\/strong>:<\/span><\/p><p><span class=\"a_GcMg font-feature-liga-off font-feature-clig-off font-feature-calt-off text-decoration-none text-strikethrough-none\">&#8211; este cel mai mare GAL din Rom\u00e2nia care are \u00een compone\u021ba sa 26 Comune din Regiunea Vest: Baru, B\u0103ni\u021ba, B\u0103tr\u00e2na, Bretea Rom\u00e2n\u0103, Bunila, Cerb\u0103l, C\u00e2rji\u021bi, Densu\u0219, Dobra, General Berthelot, Ghelari, L\u0103pugiu de Jos, Lelese, Lunca Cernii de Jos, Pe\u0219ti\u0219u Mic, Pui, R\u0103chitova, R\u00e2u de Mori, Rusca Montan\u0103, S\u0103la\u0219u de Sus, Sarmizegetusa, S\u00e2nt\u0103m\u0103ria-Orlea, Teliucu Inferior, Topli\u021ba, Tote\u0219ti, Ve\u021bel;<\/span><\/p><p><span class=\"a_GcMg font-feature-liga-off font-feature-clig-off font-feature-calt-off text-decoration-none text-strikethrough-none\">&#8211; teritoriul GAL exprimat \u00een num\u0103r de Comune reprezint\u0103 45% din mediul rural al jude\u021bului Hunedoara;<\/span><\/p><p><span class=\"a_GcMg font-feature-liga-off font-feature-clig-off font-feature-calt-off text-decoration-none text-strikethrough-none\">&#8211; este membr\u0103 \u00een Comitetul de Monitorizare al Programului Regional Vest;<\/span><\/p><p><span class=\"a_GcMg font-feature-liga-off font-feature-clig-off font-feature-calt-off text-decoration-none text-strikethrough-none\">&#8211; este membr\u0103 \u00een Comitetul de Monitorizare al Programului Tranzi\u021bie Just\u0103;<\/span><\/p><p><span class=\"a_GcMg font-feature-liga-off font-feature-clig-off font-feature-calt-off text-decoration-none text-strikethrough-none\">&#8211; este furnizor de formare profesional\u0103 autorizat de c\u0103tre ANC;<\/span><\/p><p><span class=\"a_GcMg font-feature-liga-off font-feature-clig-off font-feature-calt-off text-decoration-none text-strikethrough-none\">&#8211; a finan\u021bat peste 200 proiecte destinate dezvolt\u0103rii infrastructurii la scar\u0103 mic\u0103, agriculturii, activit\u0103\u021bilor nonagricole, alte domenii.<\/span><\/p><p>\u00a0<\/p><p class=\"cvGsUA direction-ltr align-justify para-style-body\"><span class=\"a_GcMg font-feature-liga-off font-feature-clig-off font-feature-calt-off text-decoration-none text-strikethrough-none\">\u00cen vederea dezvolt\u0103rii integrate \u0219i sustenabile a teritoriului, GAL a atras peste 18 milioane euro din surse de finan\u021bare variate: Fondul European Agricol de Dezvoltare Rural\u0103 (PNDR, PS PAC), Fondul Social European (POCU, PEO). Prin aceast\u0103 abordare, GAL a consolidat capacitatea comunit\u0103\u021bilor locale de a accesa investi\u021bii \u00een infrastructur\u0103, agricultur\u0103, activit\u0103\u021bi nonagricole, educa\u021bie, formare profesional\u0103 \u0219i incluziune social\u0103, contribuind astfel la crearea de oportunit\u0103\u021bi pentru popula\u021bia local\u0103 \u0219i la cre\u0219terea calit\u0103\u021bii vie\u021bii \u00een mediul rural.<\/span><\/p><p>\u00a0<\/p><p>\u00a0<\/p>\t\t\t\t\t\t\t\t<\/div>\n\t\t\t\t<\/div>\n\t\t\t\t\t<\/div>\n\t\t<\/div>\n\t\t\t\t\t<\/div>\n\t\t<\/section>\n\t\t\t\t<\/div>\n\t\t","protected":false},"excerpt":{"rendered":"<p>Descriere GAL Asocia\u021bia Microregiunea \u021aara Ha\u021begului\u2013\u021ainutul P\u0103durenilor GAL: &#8211; este cel mai mare GAL din Rom\u00e2nia care are \u00een compone\u021ba sa 26 Comune din Regiunea Vest: Baru, B\u0103ni\u021ba, B\u0103tr\u00e2na, Bretea Rom\u00e2n\u0103, Bunila, Cerb\u0103l, C\u00e2rji\u021bi, Densu\u0219, Dobra, General Berthelot, Ghelari, L\u0103pugiu de Jos, Lelese, Lunca Cernii de Jos, Pe\u0219ti\u0219u Mic, Pui, R\u0103chitova, R\u00e2u de Mori, Rusca Montan\u0103, S\u0103la\u0219u de Sus, Sarmizegetusa, [&hellip;]<\/p>\n","protected":false},"author":1,"featured_media":0,"parent":0,"menu_order":0,"comment_status":"closed","ping_status":"closed","template":"elementor_header_footer","meta":{"_acf_changed":false,"ngg_post_thumbnail":0,"footnotes":""},"class_list":["post-1063","page","type-page","status-publish","hentry"],"acf":[],"_links":{"self":[{"href":"https:\/\/tarahategului-tinutulpadurenilor-gal.ro\/335815\/wp-json\/wp\/v2\/pages\/1063","targetHints":{"allow":["GET"]}}],"collection":[{"href":"https:\/\/tarahategului-tinutulpadurenilor-gal.ro\/335815\/wp-json\/wp\/v2\/pages"}],"about":[{"href":"https:\/\/tarahategului-tinutulpadurenilor-gal.ro\/335815\/wp-json\/wp\/v2\/types\/page"}],"author":[{"embeddable":true,"href":"https:\/\/tarahategului-tinutulpadurenilor-gal.ro\/335815\/wp-json\/wp\/v2\/users\/1"}],"replies":[{"embeddable":true,"href":"https:\/\/tarahategului-tinutulpadurenilor-gal.ro\/335815\/wp-json\/wp\/v2\/comments?post=1063"}],"version-history":[{"count":17,"href":"https:\/\/tarahategului-tinutulpadurenilor-gal.ro\/335815\/wp-json\/wp\/v2\/pages\/1063\/revisions"}],"predecessor-version":[{"id":1083,"href":"https:\/\/tarahategului-tinutulpadurenilor-gal.ro\/335815\/wp-json\/wp\/v2\/pages\/1063\/revisions\/1083"}],"wp:attachment":[{"href":"https:\/\/tarahategului-tinutulpadurenilor-gal.ro\/335815\/wp-json\/wp\/v2\/media?parent=1063"}],"curies":[{"name":"wp","href":"https:\/\/api.w.org\/{rel}","templated":true}]}}